{"id":1117,"date":"2025-02-25T09:50:54","date_gmt":"2025-02-25T09:50:54","guid":{"rendered":"https:\/\/eboutique.zeppelin.fr\/?post_type=product&#038;p=1117"},"modified":"2025-02-25T09:50:54","modified_gmt":"2025-02-25T09:50:54","slug":"dossier-s1000-gris-2","status":"publish","type":"product","link":"https:\/\/eboutique.zeppelin.fr\/index.php\/produit\/dossier-s1000-gris-2\/","title":{"rendered":"DOSSIER S1000 GRIS"},"content":{"rendered":"<p data-start=\"57\" data-end=\"169\">Apportez confort et style \u00e0 votre bateau avec cette sellerie de dossier con\u00e7ue pour la banquette mod\u00e8le S1000.<\/p>\n<p data-start=\"171\" data-end=\"471\">\u2705 <strong data-start=\"173\" data-end=\"187\">Dimensions<\/strong> : 125 x 20 x 12 cm<br data-start=\"206\" data-end=\"209\" \/>\u2705 <strong data-start=\"211\" data-end=\"223\">Mat\u00e9riau<\/strong> : Simili cuir gris, r\u00e9sistant aux UV et \u00e0 l\u2019humidit\u00e9, parfait pour un usage nautique<br data-start=\"308\" data-end=\"311\" data-is-only-node=\"\" \/>\u2705 <strong data-start=\"313\" data-end=\"331\">Design \u00e9l\u00e9gant<\/strong> : Coloris gris uni pour un look moderne et raffin\u00e9<br data-start=\"382\" data-end=\"385\" \/>\u2705 <strong data-start=\"387\" data-end=\"410\">Installation facile<\/strong> : Conception adapt\u00e9e pour une fixation rapide et s\u00e9curis\u00e9e<\/p>\n<p data-start=\"473\" data-end=\"600\">Ce dossier allie esth\u00e9tique et durabilit\u00e9 pour une navigation confortable.<\/p>\n","protected":false},"excerpt":{"rendered":"<p>Apportez confort et style \u00e0 votre bateau avec cette sellerie de dossier con\u00e7ue pour la banquette mod\u00e8le S1000. \u2705 Dimensions : 125 x 20 x 12 cm\u2705 Mat\u00e9riau : Simili cuir gris, r\u00e9sistant aux UV et \u00e0 l\u2019humidit\u00e9, parfait pour un usage nautique\u2705 Design \u00e9l\u00e9gant : Coloris gris uni pour un look moderne et raffin\u00e9\u2705&hellip;<\/p>\n","protected":false},"featured_media":1118,"template":"","meta":[],"product_brand":[],"product_cat":[45],"product_tag":[],"class_list":{"0":"post-1117","1":"product","2":"type-product","3":"status-publish","4":"has-post-thumbnail","6":"product_cat-selleries","7":"description-off","9":"first","10":"instock","11":"taxable","12":"shipping-taxable","13":"purchasable","14":"product-type-simple"},"_links":{"self":[{"href":"https:\/\/eboutique.zeppelin.fr\/index.php\/wp-json\/wp\/v2\/product\/1117","targetHints":{"allow":["GET"]}}],"collection":[{"href":"https:\/\/eboutique.zeppelin.fr\/index.php\/wp-json\/wp\/v2\/product"}],"about":[{"href":"https:\/\/eboutique.zeppelin.fr\/index.php\/wp-json\/wp\/v2\/types\/product"}],"wp:featuredmedia":[{"embeddable":true,"href":"https:\/\/eboutique.zeppelin.fr\/index.php\/wp-json\/wp\/v2\/media\/1118"}],"wp:attachment":[{"href":"https:\/\/eboutique.zeppelin.fr\/index.php\/wp-json\/wp\/v2\/media?parent=1117"}],"wp:term":[{"taxonomy":"product_brand","embeddable":true,"href":"https:\/\/eboutique.zeppelin.fr\/index.php\/wp-json\/wp\/v2\/product_brand?post=1117"},{"taxonomy":"product_cat","embeddable":true,"href":"https:\/\/eboutique.zeppelin.fr\/index.php\/wp-json\/wp\/v2\/product_cat?post=1117"},{"taxonomy":"product_tag","embeddable":true,"href":"https:\/\/eboutique.zeppelin.fr\/index.php\/wp-json\/wp\/v2\/product_tag?post=1117"}],"curies":[{"name":"wp","href":"https:\/\/api.w.org\/{rel}","templated":true}]}}