{"id":1113,"date":"2025-02-25T09:14:16","date_gmt":"2025-02-25T09:14:16","guid":{"rendered":"https:\/\/eboutique.zeppelin.fr\/?post_type=product&#038;p=1113"},"modified":"2025-02-25T09:14:38","modified_gmt":"2025-02-25T09:14:38","slug":"dossier-s1000-noir","status":"publish","type":"product","link":"https:\/\/eboutique.zeppelin.fr\/index.php\/produit\/dossier-s1000-noir\/","title":{"rendered":"DOSSIER S1000 NOIR"},"content":{"rendered":"<p data-start=\"44\" data-end=\"149\">Apportez confort et \u00e9l\u00e9gance \u00e0 votre bateau avec cette sellerie de dossier con\u00e7ue pour le mod\u00e8le S1000.<\/p>\n<p data-start=\"151\" data-end=\"480\">\u2705 <strong data-start=\"153\" data-end=\"167\">Dimensions<\/strong> : Adapt\u00e9 aux banquettes mod\u00e8le S1000<br data-start=\"204\" data-end=\"207\" \/>\u2705 <strong data-start=\"209\" data-end=\"221\">Mat\u00e9riau<\/strong> : Simili cuir noir, r\u00e9sistant aux UV et \u00e0 l\u2019humidit\u00e9, id\u00e9al pour un usage nautique<br data-start=\"304\" data-end=\"307\" data-is-only-node=\"\" \/>\u2705 <strong data-start=\"309\" data-end=\"337\">Coloris sobre et moderne<\/strong> : Noir uni pour une finition \u00e9l\u00e9gante et intemporelle<br data-start=\"391\" data-end=\"394\" \/>\u2705 <strong data-start=\"396\" data-end=\"419\">Installation facile<\/strong> : Conception adapt\u00e9e pour une fixation rapide et s\u00e9curis\u00e9e<\/p>\n<p data-start=\"482\" data-end=\"599\">Id\u00e9al pour remplacer ou moderniser votre sellerie, ce dossier assure confort et durabilit\u00e9 pour vos navigations.<\/p>\n","protected":false},"excerpt":{"rendered":"<p>Apportez confort et \u00e9l\u00e9gance \u00e0 votre bateau avec cette sellerie de dossier con\u00e7ue pour le mod\u00e8le S1000. \u2705 Dimensions : Adapt\u00e9 aux banquettes mod\u00e8le S1000\u2705 Mat\u00e9riau : Simili cuir noir, r\u00e9sistant aux UV et \u00e0 l\u2019humidit\u00e9, id\u00e9al pour un usage nautique\u2705 Coloris sobre et moderne : Noir uni pour une finition \u00e9l\u00e9gante et intemporelle\u2705 Installation&hellip;<\/p>\n","protected":false},"featured_media":1114,"template":"","meta":[],"product_brand":[],"product_cat":[45],"product_tag":[],"class_list":{"0":"post-1113","1":"product","2":"type-product","3":"status-publish","4":"has-post-thumbnail","6":"product_cat-selleries","7":"description-off","9":"first","10":"instock","11":"taxable","12":"shipping-taxable","13":"purchasable","14":"product-type-simple"},"_links":{"self":[{"href":"https:\/\/eboutique.zeppelin.fr\/index.php\/wp-json\/wp\/v2\/product\/1113","targetHints":{"allow":["GET"]}}],"collection":[{"href":"https:\/\/eboutique.zeppelin.fr\/index.php\/wp-json\/wp\/v2\/product"}],"about":[{"href":"https:\/\/eboutique.zeppelin.fr\/index.php\/wp-json\/wp\/v2\/types\/product"}],"wp:featuredmedia":[{"embeddable":true,"href":"https:\/\/eboutique.zeppelin.fr\/index.php\/wp-json\/wp\/v2\/media\/1114"}],"wp:attachment":[{"href":"https:\/\/eboutique.zeppelin.fr\/index.php\/wp-json\/wp\/v2\/media?parent=1113"}],"wp:term":[{"taxonomy":"product_brand","embeddable":true,"href":"https:\/\/eboutique.zeppelin.fr\/index.php\/wp-json\/wp\/v2\/product_brand?post=1113"},{"taxonomy":"product_cat","embeddable":true,"href":"https:\/\/eboutique.zeppelin.fr\/index.php\/wp-json\/wp\/v2\/product_cat?post=1113"},{"taxonomy":"product_tag","embeddable":true,"href":"https:\/\/eboutique.zeppelin.fr\/index.php\/wp-json\/wp\/v2\/product_tag?post=1113"}],"curies":[{"name":"wp","href":"https:\/\/api.w.org\/{rel}","templated":true}]}}