{"id":1110,"date":"2025-02-25T08:54:22","date_gmt":"2025-02-25T08:54:22","guid":{"rendered":"https:\/\/eboutique.zeppelin.fr\/?post_type=product&#038;p=1110"},"modified":"2025-02-28T08:38:42","modified_gmt":"2025-02-28T08:38:42","slug":"dossier-s1011-blanc","status":"publish","type":"product","link":"https:\/\/eboutique.zeppelin.fr\/index.php\/produit\/dossier-s1011-blanc\/","title":{"rendered":"DOSSIER S1011 BLANC"},"content":{"rendered":"<p data-start=\"44\" data-end=\"177\">Offrez un confort optimal et un style \u00e9pur\u00e9 \u00e0 votre bateau avec cette sellerie de dossier sp\u00e9cialement con\u00e7ue pour le mod\u00e8le S1011.<\/p>\n<p data-start=\"179\" data-end=\"484\">\u2705 <strong data-start=\"181\" data-end=\"195\">Dimensions<\/strong> : Adapt\u00e9 aux banquettes mod\u00e8le S1011<br data-start=\"232\" data-end=\"235\" \/>\u2705 <strong data-start=\"237\" data-end=\"249\">Mat\u00e9riau<\/strong> : Tissu r\u00e9sistant aux UV et \u00e0 l\u2019humidit\u00e9, parfait pour un usage nautique<br data-start=\"322\" data-end=\"325\" data-is-only-node=\"\" \/>\u2705 <strong data-start=\"327\" data-end=\"346\">Coloris \u00e9l\u00e9gant<\/strong> : Blanc uni pour une finition sobre et lumineuse<br data-start=\"395\" data-end=\"398\" \/>\u2705 <strong data-start=\"400\" data-end=\"423\">Installation facile<\/strong> : Conception adapt\u00e9e pour une fixation rapide et s\u00e9curis\u00e9e<\/p>\n<p data-start=\"486\" data-end=\"603\">Id\u00e9al pour remplacer ou moderniser votre sellerie, ce dossier assure confort et durabilit\u00e9 pour vos navigations.<\/p>\n","protected":false},"excerpt":{"rendered":"<p>Offrez un confort optimal et un style \u00e9pur\u00e9 \u00e0 votre bateau avec cette sellerie de dossier sp\u00e9cialement con\u00e7ue pour le mod\u00e8le S1011. \u2705 Dimensions : Adapt\u00e9 aux banquettes mod\u00e8le S1011\u2705 Mat\u00e9riau : Tissu r\u00e9sistant aux UV et \u00e0 l\u2019humidit\u00e9, parfait pour un usage nautique\u2705 Coloris \u00e9l\u00e9gant : Blanc uni pour une finition sobre et lumineuse\u2705&hellip;<\/p>\n","protected":false},"featured_media":1112,"template":"","meta":[],"product_brand":[],"product_cat":[45],"product_tag":[],"class_list":{"0":"post-1110","1":"product","2":"type-product","3":"status-publish","4":"has-post-thumbnail","6":"product_cat-selleries","7":"description-off","9":"first","10":"instock","11":"taxable","12":"shipping-taxable","13":"purchasable","14":"product-type-simple"},"_links":{"self":[{"href":"https:\/\/eboutique.zeppelin.fr\/index.php\/wp-json\/wp\/v2\/product\/1110","targetHints":{"allow":["GET"]}}],"collection":[{"href":"https:\/\/eboutique.zeppelin.fr\/index.php\/wp-json\/wp\/v2\/product"}],"about":[{"href":"https:\/\/eboutique.zeppelin.fr\/index.php\/wp-json\/wp\/v2\/types\/product"}],"wp:featuredmedia":[{"embeddable":true,"href":"https:\/\/eboutique.zeppelin.fr\/index.php\/wp-json\/wp\/v2\/media\/1112"}],"wp:attachment":[{"href":"https:\/\/eboutique.zeppelin.fr\/index.php\/wp-json\/wp\/v2\/media?parent=1110"}],"wp:term":[{"taxonomy":"product_brand","embeddable":true,"href":"https:\/\/eboutique.zeppelin.fr\/index.php\/wp-json\/wp\/v2\/product_brand?post=1110"},{"taxonomy":"product_cat","embeddable":true,"href":"https:\/\/eboutique.zeppelin.fr\/index.php\/wp-json\/wp\/v2\/product_cat?post=1110"},{"taxonomy":"product_tag","embeddable":true,"href":"https:\/\/eboutique.zeppelin.fr\/index.php\/wp-json\/wp\/v2\/product_tag?post=1110"}],"curies":[{"name":"wp","href":"https:\/\/api.w.org\/{rel}","templated":true}]}}