{"id":1096,"date":"2025-02-24T13:59:16","date_gmt":"2025-02-24T13:59:16","guid":{"rendered":"https:\/\/eboutique.zeppelin.fr\/?post_type=product&#038;p=1096"},"modified":"2025-02-24T13:59:16","modified_gmt":"2025-02-24T13:59:16","slug":"dossier-s700-gris-2","status":"publish","type":"product","link":"https:\/\/eboutique.zeppelin.fr\/index.php\/produit\/dossier-s700-gris-2\/","title":{"rendered":"DOSSIER S700 GRIS"},"content":{"rendered":"<p data-start=\"99\" data-end=\"261\">\ud83d\udd39 <strong data-start=\"102\" data-end=\"113\">Couleur<\/strong> : Gris<br data-start=\"120\" data-end=\"123\" \/>\ud83d\udd39 <strong data-start=\"126\" data-end=\"137\">Mati\u00e8re<\/strong> : Tissu r\u00e9sistant et confortable<br data-start=\"170\" data-end=\"173\" \/>\ud83d\udd39 <strong data-start=\"176\" data-end=\"190\">Dimensions<\/strong> : 91 x 20 x 12 cm<br data-start=\"208\" data-end=\"211\" \/>\ud83d\udd39 <strong data-start=\"214\" data-end=\"231\" data-is-only-node=\"\">Compatibilit\u00e9<\/strong> : Con\u00e7u pour le mod\u00e8le S700<\/p>\n<p data-start=\"263\" data-end=\"598\">Offrez \u00e0 votre bateau un confort optimal avec ce <strong data-start=\"314\" data-end=\"353\">dossier pour banquette arri\u00e8re S700<\/strong> en <strong data-start=\"357\" data-end=\"371\">tissu gris<\/strong>. Son rev\u00eatement robuste et agr\u00e9able au toucher assure une assise confortable tout en apportant une touche d\u2019\u00e9l\u00e9gance et de sobri\u00e9t\u00e9. Facile \u00e0 installer et parfaitement ajust\u00e9, il garantit une tenue durable.<\/p>\n","protected":false},"excerpt":{"rendered":"<p>\ud83d\udd39 Couleur : Gris\ud83d\udd39 Mati\u00e8re : Tissu r\u00e9sistant et confortable\ud83d\udd39 Dimensions : 91 x 20 x 12 cm\ud83d\udd39 Compatibilit\u00e9 : Con\u00e7u pour le mod\u00e8le S700 Offrez \u00e0 votre bateau un confort optimal avec ce dossier pour banquette arri\u00e8re S700 en tissu gris. Son rev\u00eatement robuste et agr\u00e9able au toucher assure une assise confortable tout en&hellip;<\/p>\n","protected":false},"featured_media":1098,"template":"","meta":[],"product_brand":[],"product_cat":[45],"product_tag":[],"class_list":{"0":"post-1096","1":"product","2":"type-product","3":"status-publish","4":"has-post-thumbnail","6":"product_cat-selleries","7":"description-off","9":"first","10":"instock","11":"taxable","12":"shipping-taxable","13":"purchasable","14":"product-type-simple"},"_links":{"self":[{"href":"https:\/\/eboutique.zeppelin.fr\/index.php\/wp-json\/wp\/v2\/product\/1096","targetHints":{"allow":["GET"]}}],"collection":[{"href":"https:\/\/eboutique.zeppelin.fr\/index.php\/wp-json\/wp\/v2\/product"}],"about":[{"href":"https:\/\/eboutique.zeppelin.fr\/index.php\/wp-json\/wp\/v2\/types\/product"}],"wp:featuredmedia":[{"embeddable":true,"href":"https:\/\/eboutique.zeppelin.fr\/index.php\/wp-json\/wp\/v2\/media\/1098"}],"wp:attachment":[{"href":"https:\/\/eboutique.zeppelin.fr\/index.php\/wp-json\/wp\/v2\/media?parent=1096"}],"wp:term":[{"taxonomy":"product_brand","embeddable":true,"href":"https:\/\/eboutique.zeppelin.fr\/index.php\/wp-json\/wp\/v2\/product_brand?post=1096"},{"taxonomy":"product_cat","embeddable":true,"href":"https:\/\/eboutique.zeppelin.fr\/index.php\/wp-json\/wp\/v2\/product_cat?post=1096"},{"taxonomy":"product_tag","embeddable":true,"href":"https:\/\/eboutique.zeppelin.fr\/index.php\/wp-json\/wp\/v2\/product_tag?post=1096"}],"curies":[{"name":"wp","href":"https:\/\/api.w.org\/{rel}","templated":true}]}}