{"id":1093,"date":"2025-02-24T13:48:39","date_gmt":"2025-02-24T13:48:39","guid":{"rendered":"https:\/\/eboutique.zeppelin.fr\/?post_type=product&#038;p=1093"},"modified":"2025-02-24T13:48:39","modified_gmt":"2025-02-24T13:48:39","slug":"dossier-s700-noir","status":"publish","type":"product","link":"https:\/\/eboutique.zeppelin.fr\/index.php\/produit\/dossier-s700-noir\/","title":{"rendered":"DOSSIER S700 NOIR"},"content":{"rendered":"<p data-start=\"105\" data-end=\"279\">\ud83d\udd39 <strong data-start=\"108\" data-end=\"119\">Couleur<\/strong> : Noir<br data-start=\"126\" data-end=\"129\" \/>\ud83d\udd39 <strong data-start=\"132\" data-end=\"143\">Mati\u00e8re<\/strong> : Simili cuir \u00e9l\u00e9gant et facile \u00e0 entretenir<br data-start=\"188\" data-end=\"191\" \/>\ud83d\udd39 <strong data-start=\"194\" data-end=\"208\">Dimensions<\/strong> : 91 x 20 x 12 cm<br data-start=\"226\" data-end=\"229\" \/>\ud83d\udd39 <strong data-start=\"232\" data-end=\"249\" data-is-only-node=\"\">Compatibilit\u00e9<\/strong> : Con\u00e7u pour le mod\u00e8le S700<\/p>\n<p data-start=\"281\" data-end=\"618\">Ajoutez une touche de <strong data-start=\"303\" data-end=\"332\">raffinement et de confort<\/strong> \u00e0 votre bateau avec ce <strong data-start=\"358\" data-end=\"397\">dossier pour banquette arri\u00e8re S700<\/strong> en <strong data-start=\"401\" data-end=\"421\">simili cuir noir<\/strong>. Son rev\u00eatement \u00e9l\u00e9gant et r\u00e9sistant est <strong data-start=\"463\" data-end=\"484\">facile \u00e0 nettoyer<\/strong>, tout en garantissant une assise confortable et durable.<\/p>\n","protected":false},"excerpt":{"rendered":"<p>\ud83d\udd39 Couleur : Noir\ud83d\udd39 Mati\u00e8re : Simili cuir \u00e9l\u00e9gant et facile \u00e0 entretenir\ud83d\udd39 Dimensions : 91 x 20 x 12 cm\ud83d\udd39 Compatibilit\u00e9 : Con\u00e7u pour le mod\u00e8le S700 Ajoutez une touche de raffinement et de confort \u00e0 votre bateau avec ce dossier pour banquette arri\u00e8re S700 en simili cuir noir. Son rev\u00eatement \u00e9l\u00e9gant et r\u00e9sistant&hellip;<\/p>\n","protected":false},"featured_media":1095,"template":"","meta":[],"product_brand":[],"product_cat":[45],"product_tag":[],"class_list":{"0":"post-1093","1":"product","2":"type-product","3":"status-publish","4":"has-post-thumbnail","6":"product_cat-selleries","7":"description-off","9":"first","10":"instock","11":"taxable","12":"shipping-taxable","13":"purchasable","14":"product-type-simple"},"_links":{"self":[{"href":"https:\/\/eboutique.zeppelin.fr\/index.php\/wp-json\/wp\/v2\/product\/1093","targetHints":{"allow":["GET"]}}],"collection":[{"href":"https:\/\/eboutique.zeppelin.fr\/index.php\/wp-json\/wp\/v2\/product"}],"about":[{"href":"https:\/\/eboutique.zeppelin.fr\/index.php\/wp-json\/wp\/v2\/types\/product"}],"wp:featuredmedia":[{"embeddable":true,"href":"https:\/\/eboutique.zeppelin.fr\/index.php\/wp-json\/wp\/v2\/media\/1095"}],"wp:attachment":[{"href":"https:\/\/eboutique.zeppelin.fr\/index.php\/wp-json\/wp\/v2\/media?parent=1093"}],"wp:term":[{"taxonomy":"product_brand","embeddable":true,"href":"https:\/\/eboutique.zeppelin.fr\/index.php\/wp-json\/wp\/v2\/product_brand?post=1093"},{"taxonomy":"product_cat","embeddable":true,"href":"https:\/\/eboutique.zeppelin.fr\/index.php\/wp-json\/wp\/v2\/product_cat?post=1093"},{"taxonomy":"product_tag","embeddable":true,"href":"https:\/\/eboutique.zeppelin.fr\/index.php\/wp-json\/wp\/v2\/product_tag?post=1093"}],"curies":[{"name":"wp","href":"https:\/\/api.w.org\/{rel}","templated":true}]}}