{"id":1090,"date":"2025-02-24T13:31:27","date_gmt":"2025-02-24T13:31:27","guid":{"rendered":"https:\/\/eboutique.zeppelin.fr\/?post_type=product&#038;p=1090"},"modified":"2025-02-24T13:33:09","modified_gmt":"2025-02-24T13:33:09","slug":"dossier-s700-orange","status":"publish","type":"product","link":"https:\/\/eboutique.zeppelin.fr\/index.php\/produit\/dossier-s700-orange\/","title":{"rendered":"DOSSIER S700 ORANGE"},"content":{"rendered":"<p data-start=\"107\" data-end=\"283\">\ud83d\udd39 <strong data-start=\"110\" data-end=\"121\">Couleur<\/strong> : Orange<br data-start=\"130\" data-end=\"133\" \/>\ud83d\udd39 <strong data-start=\"136\" data-end=\"147\">Mati\u00e8re<\/strong> : Simili cuir \u00e9l\u00e9gant et facile \u00e0 entretenir<br data-start=\"192\" data-end=\"195\" \/>\ud83d\udd39 <strong data-start=\"198\" data-end=\"212\">Dimensions<\/strong> : 91 x 20 x 12 cm<br data-start=\"230\" data-end=\"233\" \/>\ud83d\udd39 <strong data-start=\"236\" data-end=\"253\" data-is-only-node=\"\">Compatibilit\u00e9<\/strong> : Con\u00e7u pour le mod\u00e8le S700<\/p>\n<p data-start=\"285\" data-end=\"635\">Apportez une touche de dynamisme et de modernit\u00e9 \u00e0 votre bateau avec ce <strong data-start=\"359\" data-end=\"398\">dossier pour banquette arri\u00e8re S700<\/strong> en <strong data-start=\"402\" data-end=\"424\">simili cuir orange<\/strong>. Son rev\u00eatement r\u00e9sistant et facile \u00e0 nettoyer assure un confort optimal tout en ajoutant du style \u00e0 votre int\u00e9rieur. Son installation est rapide et son ajustement parfait<\/p>\n","protected":false},"excerpt":{"rendered":"<p>\ud83d\udd39 Couleur : Orange\ud83d\udd39 Mati\u00e8re : Simili cuir \u00e9l\u00e9gant et facile \u00e0 entretenir\ud83d\udd39 Dimensions : 91 x 20 x 12 cm\ud83d\udd39 Compatibilit\u00e9 : Con\u00e7u pour le mod\u00e8le S700 Apportez une touche de dynamisme et de modernit\u00e9 \u00e0 votre bateau avec ce dossier pour banquette arri\u00e8re S700 en simili cuir orange. Son rev\u00eatement r\u00e9sistant et facile&hellip;<\/p>\n","protected":false},"featured_media":1092,"template":"","meta":[],"product_brand":[],"product_cat":[45],"product_tag":[],"class_list":{"0":"post-1090","1":"product","2":"type-product","3":"status-publish","4":"has-post-thumbnail","6":"product_cat-selleries","7":"description-off","9":"first","10":"instock","11":"taxable","12":"shipping-taxable","13":"purchasable","14":"product-type-simple"},"_links":{"self":[{"href":"https:\/\/eboutique.zeppelin.fr\/index.php\/wp-json\/wp\/v2\/product\/1090","targetHints":{"allow":["GET"]}}],"collection":[{"href":"https:\/\/eboutique.zeppelin.fr\/index.php\/wp-json\/wp\/v2\/product"}],"about":[{"href":"https:\/\/eboutique.zeppelin.fr\/index.php\/wp-json\/wp\/v2\/types\/product"}],"wp:featuredmedia":[{"embeddable":true,"href":"https:\/\/eboutique.zeppelin.fr\/index.php\/wp-json\/wp\/v2\/media\/1092"}],"wp:attachment":[{"href":"https:\/\/eboutique.zeppelin.fr\/index.php\/wp-json\/wp\/v2\/media?parent=1090"}],"wp:term":[{"taxonomy":"product_brand","embeddable":true,"href":"https:\/\/eboutique.zeppelin.fr\/index.php\/wp-json\/wp\/v2\/product_brand?post=1090"},{"taxonomy":"product_cat","embeddable":true,"href":"https:\/\/eboutique.zeppelin.fr\/index.php\/wp-json\/wp\/v2\/product_cat?post=1090"},{"taxonomy":"product_tag","embeddable":true,"href":"https:\/\/eboutique.zeppelin.fr\/index.php\/wp-json\/wp\/v2\/product_tag?post=1090"}],"curies":[{"name":"wp","href":"https:\/\/api.w.org\/{rel}","templated":true}]}}