{"id":109,"date":"2021-03-24T16:13:31","date_gmt":"2021-03-24T16:13:31","guid":{"rendered":"https:\/\/eboutique.zeppelin.fr\/?post_type=product&#038;p=109"},"modified":"2026-04-07T16:48:35","modified_gmt":"2026-04-07T16:48:35","slug":"circlips-valve-haar","status":"publish","type":"product","link":"https:\/\/eboutique.zeppelin.fr\/index.php\/produit\/circlips-valve-haar\/","title":{"rendered":"CIRCLIPS VALVE HAAR"},"content":{"rendered":"<p>Circlips en cuivre con\u00e7us pour les valves Haar, d\u2019un diam\u00e8tre de 30 mm. Ce circlip robuste assure une fixation solide et durable gr\u00e2ce \u00e0 sa composition en cuivre, offrant une excellente r\u00e9sistance \u00e0 la corrosion, id\u00e9ale pour les environnements industriels exigeants.<\/p>\n","protected":false},"excerpt":{"rendered":"<p>Circlips en cuivre con\u00e7us pour les valves Haar, d\u2019un diam\u00e8tre de 30 mm. Ce circlip robuste assure une fixation solide et durable gr\u00e2ce \u00e0 sa composition en cuivre, offrant une excellente r\u00e9sistance \u00e0 la corrosion, id\u00e9ale pour les environnements industriels exigeants.<\/p>\n","protected":false},"featured_media":974,"template":"","meta":[],"product_brand":[],"product_cat":[16,24],"product_tag":[],"class_list":{"0":"post-109","1":"product","2":"type-product","3":"status-publish","4":"has-post-thumbnail","6":"product_cat-accessoires-flotteurs","7":"product_cat-valves","8":"description-off","10":"first","11":"instock","12":"taxable","13":"shipping-taxable","14":"purchasable","15":"product-type-simple"},"_links":{"self":[{"href":"https:\/\/eboutique.zeppelin.fr\/index.php\/wp-json\/wp\/v2\/product\/109","targetHints":{"allow":["GET"]}}],"collection":[{"href":"https:\/\/eboutique.zeppelin.fr\/index.php\/wp-json\/wp\/v2\/product"}],"about":[{"href":"https:\/\/eboutique.zeppelin.fr\/index.php\/wp-json\/wp\/v2\/types\/product"}],"wp:featuredmedia":[{"embeddable":true,"href":"https:\/\/eboutique.zeppelin.fr\/index.php\/wp-json\/wp\/v2\/media\/974"}],"wp:attachment":[{"href":"https:\/\/eboutique.zeppelin.fr\/index.php\/wp-json\/wp\/v2\/media?parent=109"}],"wp:term":[{"taxonomy":"product_brand","embeddable":true,"href":"https:\/\/eboutique.zeppelin.fr\/index.php\/wp-json\/wp\/v2\/product_brand?post=109"},{"taxonomy":"product_cat","embeddable":true,"href":"https:\/\/eboutique.zeppelin.fr\/index.php\/wp-json\/wp\/v2\/product_cat?post=109"},{"taxonomy":"product_tag","embeddable":true,"href":"https:\/\/eboutique.zeppelin.fr\/index.php\/wp-json\/wp\/v2\/product_tag?post=109"}],"curies":[{"name":"wp","href":"https:\/\/api.w.org\/{rel}","templated":true}]}}