{"id":1086,"date":"2025-02-24T11:25:30","date_gmt":"2025-02-24T11:25:30","guid":{"rendered":"https:\/\/eboutique.zeppelin.fr\/?post_type=product&#038;p=1086"},"modified":"2025-02-24T11:26:38","modified_gmt":"2025-02-24T11:26:38","slug":"dossier-s700-noir-simili-cuire","status":"publish","type":"product","link":"https:\/\/eboutique.zeppelin.fr\/index.php\/produit\/dossier-s700-noir-simili-cuire\/","title":{"rendered":"DOSSIER S700 NOIR SIMILI CUIRE"},"content":{"rendered":"<p data-start=\"99\" data-end=\"261\">\ud83d\udd39 <strong data-start=\"102\" data-end=\"113\">Couleur<\/strong> : Noir<br data-start=\"120\" data-end=\"123\" \/>\ud83d\udd39 <strong data-start=\"126\" data-end=\"137\">Mati\u00e8re<\/strong> : Tissu r\u00e9sistant et confortable<br data-start=\"170\" data-end=\"173\" \/>\ud83d\udd39 <strong data-start=\"176\" data-end=\"190\">Dimensions<\/strong> : 91 x 20 x 12 cm<br data-start=\"208\" data-end=\"211\" \/>\ud83d\udd39 <strong data-start=\"214\" data-end=\"231\" data-is-only-node=\"\">Compatibilit\u00e9<\/strong> : Con\u00e7u pour le mod\u00e8le S700<\/p>\n<p data-start=\"263\" data-end=\"584\">Ajoutez confort et \u00e9l\u00e9gance \u00e0 votre bateau avec ce <strong data-start=\"316\" data-end=\"355\">dossier pour banquette arri\u00e8re S700<\/strong> en <strong data-start=\"359\" data-end=\"373\">tissu noir<\/strong>. Son rev\u00eatement durable et agr\u00e9able au toucher assure un confort optimal tout en s&rsquo;adaptant parfaitement \u00e0 votre banquette. Facile \u00e0 installer, il garantit une assise confortable et un style sobre.<\/p>\n","protected":false},"excerpt":{"rendered":"<p>\ud83d\udd39 Couleur : Noir\ud83d\udd39 Mati\u00e8re : Tissu r\u00e9sistant et confortable\ud83d\udd39 Dimensions : 91 x 20 x 12 cm\ud83d\udd39 Compatibilit\u00e9 : Con\u00e7u pour le mod\u00e8le S700 Ajoutez confort et \u00e9l\u00e9gance \u00e0 votre bateau avec ce dossier pour banquette arri\u00e8re S700 en tissu noir. Son rev\u00eatement durable et agr\u00e9able au toucher assure un confort optimal tout en&hellip;<\/p>\n","protected":false},"featured_media":1087,"template":"","meta":[],"product_brand":[],"product_cat":[45],"product_tag":[],"class_list":{"0":"post-1086","1":"product","2":"type-product","3":"status-publish","4":"has-post-thumbnail","6":"product_cat-selleries","7":"description-off","9":"first","10":"instock","11":"taxable","12":"shipping-taxable","13":"purchasable","14":"product-type-simple"},"_links":{"self":[{"href":"https:\/\/eboutique.zeppelin.fr\/index.php\/wp-json\/wp\/v2\/product\/1086","targetHints":{"allow":["GET"]}}],"collection":[{"href":"https:\/\/eboutique.zeppelin.fr\/index.php\/wp-json\/wp\/v2\/product"}],"about":[{"href":"https:\/\/eboutique.zeppelin.fr\/index.php\/wp-json\/wp\/v2\/types\/product"}],"wp:featuredmedia":[{"embeddable":true,"href":"https:\/\/eboutique.zeppelin.fr\/index.php\/wp-json\/wp\/v2\/media\/1087"}],"wp:attachment":[{"href":"https:\/\/eboutique.zeppelin.fr\/index.php\/wp-json\/wp\/v2\/media?parent=1086"}],"wp:term":[{"taxonomy":"product_brand","embeddable":true,"href":"https:\/\/eboutique.zeppelin.fr\/index.php\/wp-json\/wp\/v2\/product_brand?post=1086"},{"taxonomy":"product_cat","embeddable":true,"href":"https:\/\/eboutique.zeppelin.fr\/index.php\/wp-json\/wp\/v2\/product_cat?post=1086"},{"taxonomy":"product_tag","embeddable":true,"href":"https:\/\/eboutique.zeppelin.fr\/index.php\/wp-json\/wp\/v2\/product_tag?post=1086"}],"curies":[{"name":"wp","href":"https:\/\/api.w.org\/{rel}","templated":true}]}}