{"id":108,"date":"2021-03-24T16:05:37","date_gmt":"2021-03-24T16:05:37","guid":{"rendered":"https:\/\/eboutique.zeppelin.fr\/?post_type=product&#038;p=108"},"modified":"2026-03-03T08:45:52","modified_gmt":"2026-03-03T08:45:52","slug":"poignee-noire","status":"publish","type":"product","link":"https:\/\/eboutique.zeppelin.fr\/index.php\/produit\/poignee-noire\/","title":{"rendered":"POIGNEE NOIRE"},"content":{"rendered":"<p>Ajoutez un accessoire fiable et robuste \u00e0 vos \u00e9quipements nautiques avec cette <strong>poign\u00e9e noire de marque CEREDI<\/strong>, sp\u00e9cialement con\u00e7ue pour les flotteurs. Avec sa longueur de <strong>26 cm<\/strong>, elle offre une <strong>excellente prise en main<\/strong> et une grande durabilit\u00e9.<\/p>\n<p>&nbsp;<\/p>\n","protected":false},"excerpt":{"rendered":"<p>Cette poign\u00e9e Ceredi est en caoutchouc.<\/p>\n","protected":false},"featured_media":994,"template":"","meta":[],"product_brand":[],"product_cat":[16,23],"product_tag":[],"class_list":{"0":"post-108","1":"product","2":"type-product","3":"status-publish","4":"has-post-thumbnail","6":"product_cat-accessoires-flotteurs","7":"product_cat-poignees","8":"description-off","10":"first","11":"instock","12":"taxable","13":"shipping-taxable","14":"purchasable","15":"product-type-simple"},"_links":{"self":[{"href":"https:\/\/eboutique.zeppelin.fr\/index.php\/wp-json\/wp\/v2\/product\/108","targetHints":{"allow":["GET"]}}],"collection":[{"href":"https:\/\/eboutique.zeppelin.fr\/index.php\/wp-json\/wp\/v2\/product"}],"about":[{"href":"https:\/\/eboutique.zeppelin.fr\/index.php\/wp-json\/wp\/v2\/types\/product"}],"wp:featuredmedia":[{"embeddable":true,"href":"https:\/\/eboutique.zeppelin.fr\/index.php\/wp-json\/wp\/v2\/media\/994"}],"wp:attachment":[{"href":"https:\/\/eboutique.zeppelin.fr\/index.php\/wp-json\/wp\/v2\/media?parent=108"}],"wp:term":[{"taxonomy":"product_brand","embeddable":true,"href":"https:\/\/eboutique.zeppelin.fr\/index.php\/wp-json\/wp\/v2\/product_brand?post=108"},{"taxonomy":"product_cat","embeddable":true,"href":"https:\/\/eboutique.zeppelin.fr\/index.php\/wp-json\/wp\/v2\/product_cat?post=108"},{"taxonomy":"product_tag","embeddable":true,"href":"https:\/\/eboutique.zeppelin.fr\/index.php\/wp-json\/wp\/v2\/product_tag?post=108"}],"curies":[{"name":"wp","href":"https:\/\/api.w.org\/{rel}","templated":true}]}}