{"id":3,"date":"2021-03-09T14:21:18","date_gmt":"2021-03-09T14:21:18","guid":{"rendered":"https:\/\/eboutique.zeppelin.fr\/?page_id=3"},"modified":"2021-04-22T08:20:12","modified_gmt":"2021-04-22T08:20:12","slug":"mentions-legales","status":"publish","type":"page","link":"https:\/\/eboutique.zeppelin.fr\/index.php\/mentions-legales\/","title":{"rendered":"Mentions l\u00e9gales"},"content":{"rendered":"<h3>EDITEUR<\/h3>\n<p>Le site eboutique.zeppelin.fr<strong>\u00a0<\/strong>est \u00e9dit\u00e9 par la soci\u00e9t\u00e9\u00a0ZEPPELIN<br \/>\nLa Pointe, Route de Chateau Du Loir, 72800 Le Lude<\/p>\n<h3>H\u00c9BERGEMENT<\/h3>\n<p>L\u2019h\u00e9bergement du site est r\u00e9alis\u00e9 par\u00a0<b>MICROTEC<\/b><\/p>\n<h3>CONCEPTION \/ R\u00c9ALISATION<\/h3>\n<p>La conception et la r\u00e9alisation ont \u00e9t\u00e9 assur\u00e9s par la soci\u00e9t\u00e9\u00a0<a href=\"http:\/\/www.electricdog.fr\/\" target=\"_blank\" rel=\"noopener\">Electric Dog<\/a><\/p>\n<p>&nbsp;<\/p>\n<h3>POLITIQUE DE CONFIDENTIALIT\u00c9<\/h3>\n<p><strong>Gestion des cookies<\/strong><\/p>\n<p>Ce site utilise des cookies \u2013 de petits fichiers texte qui sont plac\u00e9s sur votre machine pour aider le site \u00e0 fournir une meilleure exp\u00e9rience utilisateur. Les cookies sont utilis\u00e9s pour conserver les pr\u00e9f\u00e9rences de l\u2019utilisateur, stocker des informations pour les paniers d\u2019achat et fournir des donn\u00e9es de suivi anonymis\u00e9es \u00e0 des applications tierces comme Google Analytics.<\/p>\n<p>Toutefois, vous pouvez pr\u00e9f\u00e9rer d\u00e9sactiver les cookies sur ce site et sur d\u2019autres.<\/p>\n<p>Le moyen le plus efficace consiste \u00e0 d\u00e9sactiver les cookies dans votre navigateur. Nous vous sugg\u00e9rons de consulter la section Aide de votre navigateur .<\/p>\n<p>&nbsp;<\/p>\n<p><strong>Gestion des adresses Emails recueillies<\/strong><\/p>\n<p>Les adresses personnelles recueillies sur le site r\u00e9sultent de la communication volontaire d\u2019une adresse de courrier \u00e9lectronique lors d\u2019un d\u00e9p\u00f4t d\u2019un message \u00e9lectronique (via les formulaires de Contact, E-Commerce ou Inscription \u00e0 notre Newsletter.<\/p>\n<p>Les adresses E-mail recueillies ne servent qu\u2019\u00e0 la transmission des \u00e9l\u00e9ments d\u2019informations demand\u00e9s.<\/p>\n<p>Les informations collect\u00e9es ne feront l\u2019objet d\u2019aucune cession \u00e0 des tiers.<\/p>\n<p>Conform\u00e9ment \u00e0 l\u2019article 34 de la loi informatique et libert\u00e9s du 6 janvier 1978, vous disposez d\u2019un droit d\u2019acc\u00e8s, de modification, de rectification et de suppression des donn\u00e9es qui vous concernent. Pour l\u2019exercer, utilisez le\u00a0formulaire de contact<\/p>\n\n<div class=\"wpcf7 no-js\" id=\"wpcf7-f8-o1\" lang=\"fr-FR\" dir=\"ltr\" data-wpcf7-id=\"8\">\n<div class=\"screen-reader-response\"><p role=\"status\" aria-live=\"polite\" aria-atomic=\"true\"><\/p> <ul><\/ul><\/div>\n<form action=\"\/index.php\/wp-json\/wp\/v2\/pages\/3#wpcf7-f8-o1\" method=\"post\" class=\"wpcf7-form init\" aria-label=\"Formulaire de contact\" novalidate=\"novalidate\" data-status=\"init\">\n<fieldset class=\"hidden-fields-container\"><input type=\"hidden\" name=\"_wpcf7\" value=\"8\" \/><input type=\"hidden\" name=\"_wpcf7_version\" value=\"6.1.5\" \/><input type=\"hidden\" name=\"_wpcf7_locale\" value=\"fr_FR\" \/><input type=\"hidden\" name=\"_wpcf7_unit_tag\" value=\"wpcf7-f8-o1\" \/><input type=\"hidden\" name=\"_wpcf7_container_post\" value=\"0\" \/><input type=\"hidden\" name=\"_wpcf7_posted_data_hash\" value=\"\" \/>\n<\/fieldset>\n<p><label> NOM*<br \/>\n<span class=\"wpcf7-form-control-wrap\" data-name=\"your-name\"><input size=\"40\" maxlength=\"400\" class=\"wpcf7-form-control wpcf7-text wpcf7-validates-as-required\" aria-required=\"true\" aria-invalid=\"false\" value=\"\" type=\"text\" name=\"your-name\" \/><\/span> <\/label>\n<\/p>\n<p><label> EMAIL<br \/>\n<span class=\"wpcf7-form-control-wrap\" data-name=\"your-email\"><input size=\"40\" maxlength=\"400\" class=\"wpcf7-form-control wpcf7-email wpcf7-validates-as-required wpcf7-text wpcf7-validates-as-email\" aria-required=\"true\" aria-invalid=\"false\" value=\"\" type=\"email\" name=\"your-email\" \/><\/span> <\/label>\n<\/p>\n<p><label> SUJET*<br \/>\n<span class=\"wpcf7-form-control-wrap\" data-name=\"your-subject\"><input size=\"40\" maxlength=\"400\" class=\"wpcf7-form-control wpcf7-text wpcf7-validates-as-required\" aria-required=\"true\" aria-invalid=\"false\" value=\"\" type=\"text\" name=\"your-subject\" \/><\/span> <\/label>\n<\/p>\n<p><label> MESSAGE<br \/>\n<span class=\"wpcf7-form-control-wrap\" data-name=\"your-message\"><textarea cols=\"40\" rows=\"10\" maxlength=\"2000\" class=\"wpcf7-form-control wpcf7-textarea\" aria-invalid=\"false\" name=\"your-message\"><\/textarea><\/span> <\/label>\n<\/p>\n<p><input class=\"wpcf7-form-control wpcf7-submit has-spinner\" type=\"submit\" value=\"Envoyer\" \/>\n<\/p><div class=\"wpcf7-response-output\" aria-hidden=\"true\"><\/div>\n<\/form>\n<\/div>\n\n","protected":false},"excerpt":{"rendered":"<p>EDITEUR Le site eboutique.zeppelin.fr\u00a0est \u00e9dit\u00e9 par la soci\u00e9t\u00e9\u00a0ZEPPELIN La Pointe, Route de Chateau Du Loir, 72800 Le Lude H\u00c9BERGEMENT L\u2019h\u00e9bergement du site est r\u00e9alis\u00e9 par\u00a0MICROTEC CONCEPTION \/ R\u00c9ALISATION La conception et la r\u00e9alisation ont \u00e9t\u00e9 assur\u00e9s par la soci\u00e9t\u00e9\u00a0Electric Dog &nbsp; POLITIQUE DE CONFIDENTIALIT\u00c9 Gestion des cookies Ce site utilise des cookies \u2013 de petits&hellip;<\/p>\n","protected":false},"author":1,"featured_media":0,"parent":0,"menu_order":0,"comment_status":"closed","ping_status":"closed","template":"","meta":{"footnotes":""},"class_list":["post-3","page","type-page","status-publish","hentry","description-off"],"_links":{"self":[{"href":"https:\/\/eboutique.zeppelin.fr\/index.php\/wp-json\/wp\/v2\/pages\/3","targetHints":{"allow":["GET"]}}],"collection":[{"href":"https:\/\/eboutique.zeppelin.fr\/index.php\/wp-json\/wp\/v2\/pages"}],"about":[{"href":"https:\/\/eboutique.zeppelin.fr\/index.php\/wp-json\/wp\/v2\/types\/page"}],"author":[{"embeddable":true,"href":"https:\/\/eboutique.zeppelin.fr\/index.php\/wp-json\/wp\/v2\/users\/1"}],"replies":[{"embeddable":true,"href":"https:\/\/eboutique.zeppelin.fr\/index.php\/wp-json\/wp\/v2\/comments?post=3"}],"version-history":[{"count":4,"href":"https:\/\/eboutique.zeppelin.fr\/index.php\/wp-json\/wp\/v2\/pages\/3\/revisions"}],"predecessor-version":[{"id":228,"href":"https:\/\/eboutique.zeppelin.fr\/index.php\/wp-json\/wp\/v2\/pages\/3\/revisions\/228"}],"wp:attachment":[{"href":"https:\/\/eboutique.zeppelin.fr\/index.php\/wp-json\/wp\/v2\/media?parent=3"}],"curies":[{"name":"wp","href":"https:\/\/api.w.org\/{rel}","templated":true}]}}